{"id":25319,"date":"2021-07-14T11:49:42","date_gmt":"2021-07-14T15:49:42","guid":{"rendered":"https:\/\/dev.cinemapolitica.org\/devenez-bienfaiteurrice\/"},"modified":"2021-08-26T15:52:39","modified_gmt":"2021-08-26T19:52:39","slug":"devenez-bienfaiteurrice","status":"publish","type":"page","link":"https:\/\/www.cinemapolitica.org\/fr\/devenez-bienfaiteurrice\/","title":{"rendered":"Devenez Bienfaiteur.rice"},"content":{"rendered":"\t\t<div data-elementor-type=\"wp-page\" data-elementor-id=\"25319\" class=\"elementor elementor-25319 elementor-24323\" data-elementor-post-type=\"page\">\n\t\t\t\t\t\t<section class=\"elementor-section elementor-top-section elementor-element elementor-element-35ac15a8 elementor-section-full_width elementor-section-height-default elementor-section-height-default\" data-id=\"35ac15a8\" data-element_type=\"section\" data-e-type=\"section\">\n\t\t\t\t\t\t<div class=\"elementor-container elementor-column-gap-no\">\n\t\t\t\t\t<div class=\"elementor-column elementor-col-100 elementor-top-column elementor-element elementor-element-34dc7e7f compact-order left-position right-position\" data-id=\"34dc7e7f\" data-element_type=\"column\" data-e-type=\"column\">\n\t\t\t<div class=\"elementor-widget-wrap elementor-element-populated\">\n\t\t\t\t\t\t<div class=\"elementor-element elementor-element-93b942a elementor-widget elementor-widget-heading\" data-id=\"93b942a\" data-element_type=\"widget\" data-e-type=\"widget\" data-widget_type=\"heading.default\">\n\t\t\t\t<div class=\"elementor-widget-container\">\n\t\t\t\t\t<h1 class=\"elementor-heading-title elementor-size-default\">Devenez Bienfaiteur.rice<\/h1>\t\t\t\t<\/div>\n\t\t\t\t<\/div>\n\t\t\t\t<div class=\"elementor-element elementor-element-e505cf6 elementor-widget elementor-widget-heading\" data-id=\"e505cf6\" data-element_type=\"widget\" data-e-type=\"widget\" data-widget_type=\"heading.default\">\n\t\t\t\t<div class=\"elementor-widget-container\">\n\t\t\t\t\t<p class=\"elementor-heading-title elementor-size-default\">Faites un don \u00e0 Cin\u00e9ma Politica et soutenez un organisme ind\u00e9pendant d\u00e9termin\u00e9 \u00e0 montrer des films documentaires politiques puissants, par des artistes d\u00e9di\u00e9s, dans des espaces accessibles autour du globe. <\/p>\t\t\t\t<\/div>\n\t\t\t\t<\/div>\n\t\t\t\t\t<\/div>\n\t\t<\/div>\n\t\t\t\t\t<\/div>\n\t\t<\/section>\n\t\t\t\t<section class=\"elementor-section elementor-top-section elementor-element elementor-element-0b0c46f elementor-section-full_width layout elementor-section-height-default elementor-section-height-default\" data-id=\"0b0c46f\" data-element_type=\"section\" data-e-type=\"section\">\n\t\t\t\t\t\t<div class=\"elementor-container elementor-column-gap-no\">\n\t\t\t\t\t<div class=\"elementor-column elementor-col-100 elementor-top-column elementor-element elementor-element-f22e2b1\" data-id=\"f22e2b1\" data-element_type=\"column\" data-e-type=\"column\">\n\t\t\t<div class=\"elementor-widget-wrap elementor-element-populated\">\n\t\t\t\t\t\t<div class=\"elementor-element elementor-element-0e49831 elementor-widget elementor-widget-heading\" data-id=\"0e49831\" data-element_type=\"widget\" data-e-type=\"widget\" data-widget_type=\"heading.default\">\n\t\t\t\t<div class=\"elementor-widget-container\">\n\t\t\t\t\t<h2 class=\"elementor-heading-title elementor-size-default\">Devenez Bienfaiteur.rice<\/h2>\t\t\t\t<\/div>\n\t\t\t\t<\/div>\n\t\t\t\t<section class=\"elementor-section elementor-inner-section elementor-element elementor-element-d6303e5 elementor-section-full_width three-column-info elementor-section-height-default elementor-section-height-default\" data-id=\"d6303e5\" data-element_type=\"section\" data-e-type=\"section\">\n\t\t\t\t\t\t<div class=\"elementor-container elementor-column-gap-no\">\n\t\t\t\t\t<div class=\"elementor-column elementor-col-33 elementor-inner-column elementor-element elementor-element-4321ed3\" data-id=\"4321ed3\" data-element_type=\"column\" data-e-type=\"column\">\n\t\t\t<div class=\"elementor-widget-wrap elementor-element-populated\">\n\t\t\t\t\t\t<div class=\"elementor-element elementor-element-06f1550 elementor-widget elementor-widget-heading\" data-id=\"06f1550\" data-element_type=\"widget\" data-e-type=\"widget\" data-widget_type=\"heading.default\">\n\t\t\t\t<div class=\"elementor-widget-container\">\n\t\t\t\t\t<h5 class=\"elementor-heading-title elementor-size-default\">Dons Paypal et carte de cr\u00e9dit <\/h5>\t\t\t\t<\/div>\n\t\t\t\t<\/div>\n\t\t\t\t<div class=\"elementor-element elementor-element-e56ac52 elementor-widget elementor-widget-heading\" data-id=\"e56ac52\" data-element_type=\"widget\" data-e-type=\"widget\" data-widget_type=\"heading.default\">\n\t\t\t\t<div class=\"elementor-widget-container\">\n\t\t\t\t\t<p class=\"elementor-heading-title elementor-size-default\">Unique et dons continus nous aident \u00e0 maintenir un bureau et un site web, achat de nouveaux droits documentaires de d\u00e9pistage, et offre des services aux nos cin\u00e9clubs. <\/p>\t\t\t\t<\/div>\n\t\t\t\t<\/div>\n\t\t\t\t<div class=\"elementor-element elementor-element-d7663e6 elementor-align-center expand-button elementor-widget elementor-widget-button\" data-id=\"d7663e6\" data-element_type=\"widget\" data-e-type=\"widget\" data-widget_type=\"button.default\">\n\t\t\t\t<div class=\"elementor-widget-container\">\n\t\t\t\t\t\t\t\t\t<div class=\"elementor-button-wrapper\">\n\t\t\t\t\t<a class=\"elementor-button elementor-button-link elementor-size-sm\" href=\"#expand\">\n\t\t\t\t\t\t<span class=\"elementor-button-content-wrapper\">\n\t\t\t\t\t\t\t\t\t<span class=\"elementor-button-text\">Inscrivez-vous<\/span>\n\t\t\t\t\t<\/span>\n\t\t\t\t\t<\/a>\n\t\t\t\t<\/div>\n\t\t\t\t\t\t\t\t<\/div>\n\t\t\t\t<\/div>\n\t\t\t\t\t<\/div>\n\t\t<\/div>\n\t\t\t\t<div class=\"elementor-column elementor-col-33 elementor-inner-column elementor-element elementor-element-ea10c68\" data-id=\"ea10c68\" data-element_type=\"column\" data-e-type=\"column\">\n\t\t\t<div class=\"elementor-widget-wrap elementor-element-populated\">\n\t\t\t\t\t\t<div class=\"elementor-element elementor-element-a879124 elementor-widget elementor-widget-heading\" data-id=\"a879124\" data-element_type=\"widget\" data-e-type=\"widget\" data-widget_type=\"heading.default\">\n\t\t\t\t<div class=\"elementor-widget-container\">\n\t\t\t\t\t<h5 class=\"elementor-heading-title elementor-size-default\">Dons par cheque<\/h5>\t\t\t\t<\/div>\n\t\t\t\t<\/div>\n\t\t\t\t<div class=\"elementor-element elementor-element-ee5bd95 elementor-widget elementor-widget-heading\" data-id=\"ee5bd95\" data-element_type=\"widget\" data-e-type=\"widget\" data-widget_type=\"heading.default\">\n\t\t\t\t<div class=\"elementor-widget-container\">\n\t\t\t\t\t<p class=\"elementor-heading-title elementor-size-default\">Les ch\u00e8ques doivent \u00eatre faits \u00e0 Cinema Politica et envoy\u00e9es par la poste \u00e0 notre bo\u00eete postale. <\/p>\t\t\t\t<\/div>\n\t\t\t\t<\/div>\n\t\t\t\t\t<\/div>\n\t\t<\/div>\n\t\t\t\t<div class=\"elementor-column elementor-col-33 elementor-inner-column elementor-element elementor-element-579efcb\" data-id=\"579efcb\" data-element_type=\"column\" data-e-type=\"column\">\n\t\t\t<div class=\"elementor-widget-wrap elementor-element-populated\">\n\t\t\t\t\t\t<div class=\"elementor-element elementor-element-937345e elementor-widget elementor-widget-heading\" data-id=\"937345e\" data-element_type=\"widget\" data-e-type=\"widget\" data-widget_type=\"heading.default\">\n\t\t\t\t<div class=\"elementor-widget-container\">\n\t\t\t\t\t<h5 class=\"elementor-heading-title elementor-size-default\">Dons d\u00e9ductibles des imp\u00f4ts <\/h5>\t\t\t\t<\/div>\n\t\t\t\t<\/div>\n\t\t\t\t<div class=\"elementor-element elementor-element-e2d15c4 elementor-widget elementor-widget-heading\" data-id=\"e2d15c4\" data-element_type=\"widget\" data-e-type=\"widget\" data-widget_type=\"heading.default\">\n\t\t\t\t<div class=\"elementor-widget-container\">\n\t\t\t\t\t<p class=\"elementor-heading-title elementor-size-default\">Pour ceux qui souhaitent faire un don de 100 $ ou plus et recevoir un re\u00e7u d\u00e9ductible des imp\u00f4ts, veuillez nous contacter \u00e0 donate [AT] cinemapolitica [DOT] org. Cinema Politica remercie le Conseil des arts de Montr\u00e9al pour son parrainage fiscal qui nous permet de r\u00e9aliser nos activit\u00e9s artistiques. <\/p>\t\t\t\t<\/div>\n\t\t\t\t<\/div>\n\t\t\t\t<div class=\"elementor-element elementor-element-913c17c elementor-align-center elementor-widget elementor-widget-button\" data-id=\"913c17c\" data-element_type=\"widget\" data-e-type=\"widget\" data-widget_type=\"button.default\">\n\t\t\t\t<div class=\"elementor-widget-container\">\n\t\t\t\t\t\t\t\t\t<div class=\"elementor-button-wrapper\">\n\t\t\t\t\t<a class=\"elementor-button elementor-button-link elementor-size-sm\" href=\"https:\/\/www.cinemapolitica.org\/fr\/contactez-nous\/\">\n\t\t\t\t\t\t<span class=\"elementor-button-content-wrapper\">\n\t\t\t\t\t\t\t\t\t<span class=\"elementor-button-text\">Contactez-nous<\/span>\n\t\t\t\t\t<\/span>\n\t\t\t\t\t<\/a>\n\t\t\t\t<\/div>\n\t\t\t\t\t\t\t\t<\/div>\n\t\t\t\t<\/div>\n\t\t\t\t\t<\/div>\n\t\t<\/div>\n\t\t\t\t\t<\/div>\n\t\t<\/section>\n\t\t\t\t\t<\/div>\n\t\t<\/div>\n\t\t\t\t\t<\/div>\n\t\t<\/section>\n\t\t\t\t<section class=\"elementor-section elementor-top-section elementor-element elementor-element-245ef8d elementor-section-full_width layout layout-compact expand-section border-top hide-block elementor-section-height-default elementor-section-height-default\" data-id=\"245ef8d\" data-element_type=\"section\" data-e-type=\"section\">\n\t\t\t\t\t\t<div class=\"elementor-container elementor-column-gap-no\">\n\t\t\t\t\t<div class=\"elementor-column elementor-col-50 elementor-top-column elementor-element elementor-element-c9ca1f9 left-position flex-left-column\" data-id=\"c9ca1f9\" data-element_type=\"column\" data-e-type=\"column\">\n\t\t\t<div class=\"elementor-widget-wrap\">\n\t\t\t\t\t\t\t<\/div>\n\t\t<\/div>\n\t\t\t\t<div class=\"elementor-column elementor-col-50 elementor-top-column elementor-element elementor-element-b0a79c4 right-position flex-right-column\" data-id=\"b0a79c4\" data-element_type=\"column\" data-e-type=\"column\">\n\t\t\t<div class=\"elementor-widget-wrap elementor-element-populated\">\n\t\t\t\t\t\t<div class=\"elementor-element elementor-element-4b6dddb elementor-widget elementor-widget-shortcode\" data-id=\"4b6dddb\" data-element_type=\"widget\" data-e-type=\"widget\" data-widget_type=\"shortcode.default\">\n\t\t\t\t<div class=\"elementor-widget-container\">\n\t\t\t\t\t\t\t<div class=\"elementor-shortcode\">[civicrm component=\"contribution\" action=\"register\" id=\"7\" mode=\"test\"]<\/div>\n\t\t\t\t\t\t<\/div>\n\t\t\t\t<\/div>\n\t\t\t\t\t<\/div>\n\t\t<\/div>\n\t\t\t\t\t<\/div>\n\t\t<\/section>\n\t\t\t\t<section class=\"elementor-section elementor-top-section elementor-element elementor-element-2588e0fe elementor-section-full_width border-top elementor-section-height-default elementor-section-height-default\" data-id=\"2588e0fe\" data-element_type=\"section\" data-e-type=\"section\">\n\t\t\t\t\t\t<div class=\"elementor-container elementor-column-gap-no\">\n\t\t\t\t\t<div class=\"elementor-column elementor-col-100 elementor-top-column elementor-element elementor-element-5d04a21f compact-order left-position right-position\" data-id=\"5d04a21f\" data-element_type=\"column\" data-e-type=\"column\">\n\t\t\t<div class=\"elementor-widget-wrap elementor-element-populated\">\n\t\t\t\t\t\t<div class=\"elementor-element elementor-element-6ab1e5fd elementor-widget elementor-widget-image\" data-id=\"6ab1e5fd\" data-element_type=\"widget\" data-e-type=\"widget\" data-widget_type=\"image.default\">\n\t\t\t\t<div class=\"elementor-widget-container\">\n\t\t\t\t\t\t\t\t\t\t\t\t\t\t\t<img fetchpriority=\"high\" decoding=\"async\" width=\"681\" height=\"123\" src=\"https:\/\/www.cinemapolitica.org\/wp-content\/uploads\/2020\/11\/CP_scrawl_Green.png\" class=\"attachment-large size-large wp-image-15529\" alt=\"Cinema Politica\" \/>\t\t\t\t\t\t\t\t\t\t\t\t\t\t\t<\/div>\n\t\t\t\t<\/div>\n\t\t\t\t<div class=\"elementor-element elementor-element-49ffd5c8 elementor-position-inline-start left-position right-position width-auto elementor-view-default elementor-mobile-position-block-start elementor-widget elementor-widget-icon-box\" data-id=\"49ffd5c8\" data-element_type=\"widget\" data-e-type=\"widget\" id=\"front-ondemand\" data-widget_type=\"icon-box.default\">\n\t\t\t\t<div class=\"elementor-widget-container\">\n\t\t\t\t\t\t\t<div class=\"elementor-icon-box-wrapper\">\n\n\t\t\t\t\t\t<div class=\"elementor-icon-box-icon\">\n\t\t\t\t<span  class=\"elementor-icon\">\n\t\t\t\t<svg xmlns:xlink=\"http:\/\/www.w3.org\/1999\/xlink\" xmlns=\"http:\/\/www.w3.org\/2000\/svg\" width=\"16px\" height=\"16px\" viewbox=\"0 0 16 16\"><path d=\"M6.307 10.591L6.307 4.682L11.405 7.638L6.307 10.591ZM8 0C3.581 0 0 3.581 0 8C0 12.42 3.581 16 8 16C12.417 16 16 12.42 16 8C16 3.581 12.417 0 8 0L8 0Z\" id=\"Fill-5\" fill=\"#85FF00\" fill-rule=\"evenodd\" stroke=\"none\"><\/path><\/svg>\t\t\t\t<\/span>\n\t\t\t<\/div>\n\t\t\t\n\t\t\t\t\t\t<div class=\"elementor-icon-box-content\">\n\n\t\t\t\t\t\t\t\t\t<div class=\"elementor-icon-box-title\">\n\t\t\t\t\t\t<span  >\n\t\t\t\t\t\t\tSur Demande\t\t\t\t\t\t<\/span>\n\t\t\t\t\t<\/div>\n\t\t\t\t\n\t\t\t\t\n\t\t\t<\/div>\n\t\t\t\n\t\t<\/div>\n\t\t\t\t\t\t<\/div>\n\t\t\t\t<\/div>\n\t\t\t\t<div class=\"elementor-element elementor-element-1bb025b1 elementor-widget elementor-widget-text-editor\" data-id=\"1bb025b1\" data-element_type=\"widget\" data-e-type=\"widget\" data-widget_type=\"text-editor.default\">\n\t\t\t\t<div class=\"elementor-widget-container\">\n\t\t\t\t\t\t\t\t\t<p>Rent or buy individual titles available through CP On Demand, or get a free month of streaming all the political films you want when you subscribe:<\/p>\n\t\t\t\t\t\t\t\t<\/div>\n\t\t\t\t<\/div>\n\t\t\t\t<div class=\"elementor-element elementor-element-313fed41 elementor-align-center green-hover elementor-widget elementor-widget-button\" data-id=\"313fed41\" data-element_type=\"widget\" data-e-type=\"widget\" data-widget_type=\"button.default\">\n\t\t\t\t<div class=\"elementor-widget-container\">\n\t\t\t\t\t\t\t\t\t<div class=\"elementor-button-wrapper\">\n\t\t\t\t\t<a class=\"elementor-button elementor-button-link elementor-size-sm\" href=\"#\">\n\t\t\t\t\t\t<span class=\"elementor-button-content-wrapper\">\n\t\t\t\t\t\t\t\t\t<span class=\"elementor-button-text\">Commencer \u00e0 le voir<\/span>\n\t\t\t\t\t<\/span>\n\t\t\t\t\t<\/a>\n\t\t\t\t<\/div>\n\t\t\t\t\t\t\t\t<\/div>\n\t\t\t\t<\/div>\n\t\t\t\t\t<\/div>\n\t\t<\/div>\n\t\t\t\t\t<\/div>\n\t\t<\/section>\n\t\t\t\t<\/div>\n\t\t","protected":false},"excerpt":{"rendered":"<p>Devenez Bienfaiteur.rice Faites un don \u00e0 Cin\u00e9ma Politica et soutenez un organisme ind\u00e9pendant d\u00e9termin\u00e9 \u00e0 montrer des films documentaires politiques puissants, par des artistes d\u00e9di\u00e9s, dans des espaces accessibles autour du globe. Devenez Bienfaiteur.rice Dons Paypal et carte de cr\u00e9dit Unique et dons continus nous aident \u00e0 maintenir un bureau et un site web, achat [&hellip;]<\/p>\n","protected":false},"author":1,"featured_media":0,"parent":0,"menu_order":0,"comment_status":"closed","ping_status":"closed","template":"","meta":{"_acf_changed":false,"_oasis_is_in_workflow":0,"_oasis_original":0,"ep_exclude_from_search":false,"footnotes":""},"class_list":["post-25319","page","type-page","status-publish","hentry"],"acf":[],"yoast_head":"<!-- This site is optimized with the Yoast SEO plugin v27.1.1 - https:\/\/yoast.com\/product\/yoast-seo-wordpress\/ -->\n<title>Devenez Bienfaiteur.rice - Cinema Politica<\/title>\n<meta name=\"robots\" content=\"index, follow, max-snippet:-1, max-image-preview:large, max-video-preview:-1\" \/>\n<link rel=\"canonical\" href=\"https:\/\/www.cinemapolitica.org\/fr\/devenez-bienfaiteurrice\/\" \/>\n<meta property=\"og:locale\" content=\"fr_CA\" \/>\n<meta property=\"og:type\" content=\"article\" \/>\n<meta property=\"og:title\" content=\"Devenez Bienfaiteur.rice - Cinema Politica\" \/>\n<meta property=\"og:description\" content=\"Devenez Bienfaiteur.rice Faites un don \u00e0 Cin\u00e9ma Politica et soutenez un organisme ind\u00e9pendant d\u00e9termin\u00e9 \u00e0 montrer des films documentaires politiques puissants, par des artistes d\u00e9di\u00e9s, dans des espaces accessibles autour du globe. Devenez Bienfaiteur.rice Dons Paypal et carte de cr\u00e9dit Unique et dons continus nous aident \u00e0 maintenir un bureau et un site web, achat [&hellip;]\" \/>\n<meta property=\"og:url\" content=\"https:\/\/www.cinemapolitica.org\/fr\/devenez-bienfaiteurrice\/\" \/>\n<meta property=\"og:site_name\" content=\"Cinema Politica\" \/>\n<meta property=\"article:publisher\" content=\"https:\/\/www.facebook.com\/cinemapolitica\" \/>\n<meta property=\"article:modified_time\" content=\"2021-08-26T19:52:39+00:00\" \/>\n<meta property=\"og:image\" content=\"https:\/\/dev.cinemapolitica.org\/wp-content\/uploads\/2020\/11\/CP_scrawl_Green.png\" \/>\n<meta name=\"twitter:card\" content=\"summary_large_image\" \/>\n<meta name=\"twitter:site\" content=\"@CinemaPolitica\" \/>\n<meta name=\"twitter:label1\" content=\"Estimation du temps de lecture\" \/>\n\t<meta name=\"twitter:data1\" content=\"2 minutes\" \/>\n<script type=\"application\/ld+json\" class=\"yoast-schema-graph\">{\"@context\":\"https:\/\/schema.org\",\"@graph\":[{\"@type\":\"WebPage\",\"@id\":\"https:\/\/www.cinemapolitica.org\/fr\/devenez-bienfaiteurrice\/\",\"url\":\"https:\/\/www.cinemapolitica.org\/fr\/devenez-bienfaiteurrice\/\",\"name\":\"Devenez Bienfaiteur.rice - Cinema Politica\",\"isPartOf\":{\"@id\":\"https:\/\/www.cinemapolitica.org\/fr\/#website\"},\"primaryImageOfPage\":{\"@id\":\"https:\/\/www.cinemapolitica.org\/fr\/devenez-bienfaiteurrice\/#primaryimage\"},\"image\":{\"@id\":\"https:\/\/www.cinemapolitica.org\/fr\/devenez-bienfaiteurrice\/#primaryimage\"},\"thumbnailUrl\":\"https:\/\/dev.cinemapolitica.org\/wp-content\/uploads\/2020\/11\/CP_scrawl_Green.png\",\"datePublished\":\"2021-07-14T15:49:42+00:00\",\"dateModified\":\"2021-08-26T19:52:39+00:00\",\"breadcrumb\":{\"@id\":\"https:\/\/www.cinemapolitica.org\/fr\/devenez-bienfaiteurrice\/#breadcrumb\"},\"inLanguage\":\"fr-CA\",\"potentialAction\":[{\"@type\":\"ReadAction\",\"target\":[\"https:\/\/www.cinemapolitica.org\/fr\/devenez-bienfaiteurrice\/\"]}]},{\"@type\":\"ImageObject\",\"inLanguage\":\"fr-CA\",\"@id\":\"https:\/\/www.cinemapolitica.org\/fr\/devenez-bienfaiteurrice\/#primaryimage\",\"url\":\"https:\/\/dev.cinemapolitica.org\/wp-content\/uploads\/2020\/11\/CP_scrawl_Green.png\",\"contentUrl\":\"https:\/\/dev.cinemapolitica.org\/wp-content\/uploads\/2020\/11\/CP_scrawl_Green.png\"},{\"@type\":\"BreadcrumbList\",\"@id\":\"https:\/\/www.cinemapolitica.org\/fr\/devenez-bienfaiteurrice\/#breadcrumb\",\"itemListElement\":[{\"@type\":\"ListItem\",\"position\":1,\"name\":\"Home\",\"item\":\"https:\/\/www.cinemapolitica.org\/fr\/\"},{\"@type\":\"ListItem\",\"position\":2,\"name\":\"Devenez Bienfaiteur.rice\"}]},{\"@type\":\"WebSite\",\"@id\":\"https:\/\/www.cinemapolitica.org\/fr\/#website\",\"url\":\"https:\/\/www.cinemapolitica.org\/fr\/\",\"name\":\"Cinema Politica\",\"description\":\"Screening Truth to Power\",\"publisher\":{\"@id\":\"https:\/\/www.cinemapolitica.org\/fr\/#organization\"},\"potentialAction\":[{\"@type\":\"SearchAction\",\"target\":{\"@type\":\"EntryPoint\",\"urlTemplate\":\"https:\/\/www.cinemapolitica.org\/fr\/?s={search_term_string}\"},\"query-input\":{\"@type\":\"PropertyValueSpecification\",\"valueRequired\":true,\"valueName\":\"search_term_string\"}}],\"inLanguage\":\"fr-CA\"},{\"@type\":\"Organization\",\"@id\":\"https:\/\/www.cinemapolitica.org\/fr\/#organization\",\"name\":\"Cinema Politica\",\"url\":\"https:\/\/www.cinemapolitica.org\/fr\/\",\"logo\":{\"@type\":\"ImageObject\",\"inLanguage\":\"fr-CA\",\"@id\":\"https:\/\/www.cinemapolitica.org\/fr\/#\/schema\/logo\/image\/\",\"url\":\"https:\/\/www.cinemapolitica.org\/wp-content\/uploads\/2021\/05\/cp_web_image.jpeg\",\"contentUrl\":\"https:\/\/www.cinemapolitica.org\/wp-content\/uploads\/2021\/05\/cp_web_image.jpeg\",\"width\":639,\"height\":385,\"caption\":\"Cinema Politica\"},\"image\":{\"@id\":\"https:\/\/www.cinemapolitica.org\/fr\/#\/schema\/logo\/image\/\"},\"sameAs\":[\"https:\/\/www.facebook.com\/cinemapolitica\",\"https:\/\/x.com\/CinemaPolitica\",\"https:\/\/www.instagram.com\/cinema.politica\/\",\"https:\/\/www.youtube.com\/user\/CinemaPolitica\"]}]}<\/script>\n<!-- \/ Yoast SEO plugin. -->","yoast_head_json":{"title":"Devenez Bienfaiteur.rice - Cinema Politica","robots":{"index":"index","follow":"follow","max-snippet":"max-snippet:-1","max-image-preview":"max-image-preview:large","max-video-preview":"max-video-preview:-1"},"canonical":"https:\/\/www.cinemapolitica.org\/fr\/devenez-bienfaiteurrice\/","og_locale":"fr_CA","og_type":"article","og_title":"Devenez Bienfaiteur.rice - Cinema Politica","og_description":"Devenez Bienfaiteur.rice Faites un don \u00e0 Cin\u00e9ma Politica et soutenez un organisme ind\u00e9pendant d\u00e9termin\u00e9 \u00e0 montrer des films documentaires politiques puissants, par des artistes d\u00e9di\u00e9s, dans des espaces accessibles autour du globe. Devenez Bienfaiteur.rice Dons Paypal et carte de cr\u00e9dit Unique et dons continus nous aident \u00e0 maintenir un bureau et un site web, achat [&hellip;]","og_url":"https:\/\/www.cinemapolitica.org\/fr\/devenez-bienfaiteurrice\/","og_site_name":"Cinema Politica","article_publisher":"https:\/\/www.facebook.com\/cinemapolitica","article_modified_time":"2021-08-26T19:52:39+00:00","og_image":[{"url":"https:\/\/dev.cinemapolitica.org\/wp-content\/uploads\/2020\/11\/CP_scrawl_Green.png","type":"","width":"","height":""}],"twitter_card":"summary_large_image","twitter_site":"@CinemaPolitica","twitter_misc":{"Estimation du temps de lecture":"2 minutes"},"schema":{"@context":"https:\/\/schema.org","@graph":[{"@type":"WebPage","@id":"https:\/\/www.cinemapolitica.org\/fr\/devenez-bienfaiteurrice\/","url":"https:\/\/www.cinemapolitica.org\/fr\/devenez-bienfaiteurrice\/","name":"Devenez Bienfaiteur.rice - Cinema Politica","isPartOf":{"@id":"https:\/\/www.cinemapolitica.org\/fr\/#website"},"primaryImageOfPage":{"@id":"https:\/\/www.cinemapolitica.org\/fr\/devenez-bienfaiteurrice\/#primaryimage"},"image":{"@id":"https:\/\/www.cinemapolitica.org\/fr\/devenez-bienfaiteurrice\/#primaryimage"},"thumbnailUrl":"https:\/\/dev.cinemapolitica.org\/wp-content\/uploads\/2020\/11\/CP_scrawl_Green.png","datePublished":"2021-07-14T15:49:42+00:00","dateModified":"2021-08-26T19:52:39+00:00","breadcrumb":{"@id":"https:\/\/www.cinemapolitica.org\/fr\/devenez-bienfaiteurrice\/#breadcrumb"},"inLanguage":"fr-CA","potentialAction":[{"@type":"ReadAction","target":["https:\/\/www.cinemapolitica.org\/fr\/devenez-bienfaiteurrice\/"]}]},{"@type":"ImageObject","inLanguage":"fr-CA","@id":"https:\/\/www.cinemapolitica.org\/fr\/devenez-bienfaiteurrice\/#primaryimage","url":"https:\/\/dev.cinemapolitica.org\/wp-content\/uploads\/2020\/11\/CP_scrawl_Green.png","contentUrl":"https:\/\/dev.cinemapolitica.org\/wp-content\/uploads\/2020\/11\/CP_scrawl_Green.png"},{"@type":"BreadcrumbList","@id":"https:\/\/www.cinemapolitica.org\/fr\/devenez-bienfaiteurrice\/#breadcrumb","itemListElement":[{"@type":"ListItem","position":1,"name":"Home","item":"https:\/\/www.cinemapolitica.org\/fr\/"},{"@type":"ListItem","position":2,"name":"Devenez Bienfaiteur.rice"}]},{"@type":"WebSite","@id":"https:\/\/www.cinemapolitica.org\/fr\/#website","url":"https:\/\/www.cinemapolitica.org\/fr\/","name":"Cinema Politica","description":"Screening Truth to Power","publisher":{"@id":"https:\/\/www.cinemapolitica.org\/fr\/#organization"},"potentialAction":[{"@type":"SearchAction","target":{"@type":"EntryPoint","urlTemplate":"https:\/\/www.cinemapolitica.org\/fr\/?s={search_term_string}"},"query-input":{"@type":"PropertyValueSpecification","valueRequired":true,"valueName":"search_term_string"}}],"inLanguage":"fr-CA"},{"@type":"Organization","@id":"https:\/\/www.cinemapolitica.org\/fr\/#organization","name":"Cinema Politica","url":"https:\/\/www.cinemapolitica.org\/fr\/","logo":{"@type":"ImageObject","inLanguage":"fr-CA","@id":"https:\/\/www.cinemapolitica.org\/fr\/#\/schema\/logo\/image\/","url":"https:\/\/www.cinemapolitica.org\/wp-content\/uploads\/2021\/05\/cp_web_image.jpeg","contentUrl":"https:\/\/www.cinemapolitica.org\/wp-content\/uploads\/2021\/05\/cp_web_image.jpeg","width":639,"height":385,"caption":"Cinema Politica"},"image":{"@id":"https:\/\/www.cinemapolitica.org\/fr\/#\/schema\/logo\/image\/"},"sameAs":["https:\/\/www.facebook.com\/cinemapolitica","https:\/\/x.com\/CinemaPolitica","https:\/\/www.instagram.com\/cinema.politica\/","https:\/\/www.youtube.com\/user\/CinemaPolitica"]}]}},"_links":{"self":[{"href":"https:\/\/www.cinemapolitica.org\/fr\/wp-json\/wp\/v2\/pages\/25319","targetHints":{"allow":["GET"]}}],"collection":[{"href":"https:\/\/www.cinemapolitica.org\/fr\/wp-json\/wp\/v2\/pages"}],"about":[{"href":"https:\/\/www.cinemapolitica.org\/fr\/wp-json\/wp\/v2\/types\/page"}],"author":[{"embeddable":true,"href":"https:\/\/www.cinemapolitica.org\/fr\/wp-json\/wp\/v2\/users\/1"}],"replies":[{"embeddable":true,"href":"https:\/\/www.cinemapolitica.org\/fr\/wp-json\/wp\/v2\/comments?post=25319"}],"version-history":[{"count":0,"href":"https:\/\/www.cinemapolitica.org\/fr\/wp-json\/wp\/v2\/pages\/25319\/revisions"}],"wp:attachment":[{"href":"https:\/\/www.cinemapolitica.org\/fr\/wp-json\/wp\/v2\/media?parent=25319"}],"curies":[{"name":"wp","href":"https:\/\/api.w.org\/{rel}","templated":true}]}}