{"id":25456,"date":"2021-07-19T09:09:06","date_gmt":"2021-07-19T13:09:06","guid":{"rendered":"https:\/\/dev.cinemapolitica.org\/le-reseau-cinema-politica\/"},"modified":"2023-04-25T11:06:42","modified_gmt":"2023-04-25T15:06:42","slug":"le-reseau-cinema-politica","status":"publish","type":"page","link":"https:\/\/www.cinemapolitica.org\/fr\/le-reseau-cinema-politica\/","title":{"rendered":"Le R\u00e9seau Cinema Politica"},"content":{"rendered":"\t\t<div data-elementor-type=\"wp-page\" data-elementor-id=\"25456\" class=\"elementor elementor-25456 elementor-25424\" data-elementor-post-type=\"page\">\n\t\t\t\t\t\t<section class=\"elementor-section elementor-top-section elementor-element elementor-element-11ed5e68 elementor-section-full_width layout elementor-section-height-default elementor-section-height-default\" data-id=\"11ed5e68\" data-element_type=\"section\" data-e-type=\"section\">\n\t\t\t\t\t\t<div class=\"elementor-container elementor-column-gap-no\">\n\t\t\t\t\t<div class=\"elementor-column elementor-col-100 elementor-top-column elementor-element elementor-element-38e22b97 border-bottom\" data-id=\"38e22b97\" data-element_type=\"column\" data-e-type=\"column\">\n\t\t\t<div class=\"elementor-widget-wrap elementor-element-populated\">\n\t\t\t\t\t\t<div class=\"elementor-element elementor-element-2063cc8a elementor-widget elementor-widget-heading\" data-id=\"2063cc8a\" data-element_type=\"widget\" data-e-type=\"widget\" data-widget_type=\"heading.default\">\n\t\t\t\t<div class=\"elementor-widget-container\">\n\t\t\t\t\t<h1 class=\"elementor-heading-title elementor-size-default\">Le R\u00e9seau Cinema Politica<\/h1>\t\t\t\t<\/div>\n\t\t\t\t<\/div>\n\t\t\t\t<div class=\"elementor-element elementor-element-1d8d1f35 elementor-widget elementor-widget-text-editor\" data-id=\"1d8d1f35\" data-element_type=\"widget\" data-e-type=\"widget\" data-widget_type=\"text-editor.default\">\n\t\t\t\t<div class=\"elementor-widget-container\">\n\t\t\t\t\t\t\t\t\t<p>Le R\u00e9seau Cinema Politica est constitu\u00e9 d&rsquo;un r\u00e9seau de salles de cin\u00e9ma locales, de s\u00e9ries sur les campus et de festivals au Canada et dans le monde entier. Les membres de Cinema Politica, connus sous le nom de CP Locals, organisent des projections r\u00e9guli\u00e8res avec un acc\u00e8s exclusif au catalogue du r\u00e9seau.<\/p>\n\t\t\t\t\t\t\t\t<\/div>\n\t\t\t\t<\/div>\n\t\t\t\t\t<\/div>\n\t\t<\/div>\n\t\t\t\t\t<\/div>\n\t\t<\/section>\n\t\t\t\t<section class=\"elementor-section elementor-top-section elementor-element elementor-element-4b813f76 elementor-section-full_width layout facets elementor-section-height-default elementor-section-height-default\" data-id=\"4b813f76\" data-element_type=\"section\" data-e-type=\"section\" id=\"filters\">\n\t\t\t\t\t\t<div class=\"elementor-container elementor-column-gap-no\">\n\t\t\t\t\t<div class=\"elementor-column elementor-col-100 elementor-top-column elementor-element elementor-element-6293ec6b\" data-id=\"6293ec6b\" data-element_type=\"column\" data-e-type=\"column\">\n\t\t\t<div class=\"elementor-widget-wrap elementor-element-populated\">\n\t\t\t\t\t\t<div class=\"elementor-element elementor-element-91cdfa8 elementor-widget elementor-widget-menu-anchor\" data-id=\"91cdfa8\" data-element_type=\"widget\" data-e-type=\"widget\" id=\"jump-wrapper\" data-widget_type=\"menu-anchor.default\">\n\t\t\t\t<div class=\"elementor-widget-container\">\n\t\t\t\t\t\t\t<div class=\"elementor-menu-anchor\" id=\"jump\"><\/div>\n\t\t\t\t\t\t<\/div>\n\t\t\t\t<\/div>\n\t\t\t\t<div class=\"elementor-element elementor-element-199a03bc search-wrapper elementor-widget elementor-widget-shortcode\" data-id=\"199a03bc\" data-element_type=\"widget\" data-e-type=\"widget\" data-widget_type=\"shortcode.default\">\n\t\t\t\t<div class=\"elementor-widget-container\">\n\t\t\t\t\t  <div class=\"cp-search-form elementor-element elementor-search-form--skin-minimal elementor-widget elementor-widget-search-form\" data-element_type=\"widget\" data-settings=\"{&quot;skin&quot;:&quot;minimal&quot;}\" data-widget_type=\"search-form.default\">\n   <div class=\"elementor-widget-container\">\n     <form class=\"elementor-search-form\" role=\"search\" id=\"searchform\" action=\"https:\/\/www.cinemapolitica.org\/fr\/le-reseau-cinema-politica\/#jump\/\" method=\"get\">\n      <div class=\"elementor-search-form__container\">\n        <div class=\"elementor-search-form__icon\"><i class=\"fa fa-search\" aria-hidden=\"true\"><\/i><span class=\"elementor-screen-only\">Search<\/span><\/div>\n        <input placeholder=\"Rechercher un cin\u00e9club\" class=\"elementor-search-form__input\" type=\"search\" name=\"_search\" title=\"Search\" value=\"\">\n       <\/div>\n     <\/form>\n    <\/div>\n  <\/div>\n\t\t<div class=\"elementor-shortcode\"><\/div>\n\t\t\t\t\t\t<\/div>\n\t\t\t\t<\/div>\n\t\t\t\t<div class=\"elementor-element elementor-element-4695cbe3 elementor-hidden-desktop elementor-hidden-tablet elementor-widget elementor-widget-shortcode\" data-id=\"4695cbe3\" data-element_type=\"widget\" data-e-type=\"widget\" data-widget_type=\"shortcode.default\">\n\t\t\t\t<div class=\"elementor-widget-container\">\n\t\t\t\t\t  <div class=\"cp-search-form elementor-element elementor-search-form--skin-full_screen elementor-widget elementor-widget-search-form\" data-element_type=\"widget\" data-settings=\"{&quot;skin&quot;:&quot;full_screen&quot;}\" data-widget_type=\"search-form.default\">\n   <div class=\"elementor-widget-container\">\n     <form class=\"elementor-search-form\" role=\"search\" id=\"searchform\" action=\"https:\/\/www.cinemapolitica.org\/fr\/le-reseau-cinema-politica\/#jump\/\" method=\"get\">\n<div class=\"elementor-search-form__toggle\">\n <i aria-hidden=\"true\" class=\"fas fa-search\"><\/i>\n <span class=\"elementor-screen-only\">Rechercher<\/span>\n<\/div>\n      <div class=\"elementor-search-form__container\">\n        <input placeholder=\"Rechercher un titre \/ mot-cl\u00e9 \" class=\"elementor-search-form__input\" type=\"search\" name=\"_search\" title=\"Search\" value=\"\">\n<div class=\"dialog-lightbox-close-button dialog-close-button\">\n<i class=\"eicon-close\" aria-hidden=\"true\"><\/i>\n<span class=\"elementor-screen-only\">Close<\/span>\n<\/div>\n       <\/div>\n     <\/form>\n    <\/div>\n  <\/div>\n\t\t<div class=\"elementor-shortcode\"><\/div>\n\t\t\t\t\t\t<\/div>\n\t\t\t\t<\/div>\n\t\t\t\t<div class=\"elementor-element elementor-element-7675757e filter-wrapper facets screening-filter elementor-widget elementor-widget-shortcode\" data-id=\"7675757e\" data-element_type=\"widget\" data-e-type=\"widget\" data-widget_type=\"shortcode.default\">\n\t\t\t\t<div class=\"elementor-widget-container\">\n\t\t\t\t\t\t\t<div class=\"elementor-shortcode\"><select class=\"pink-select\" id=\"screening-canada\" tabindex=\"0\" onchange=\"location = location.protocol + '\/\/' + location.host + location.pathname + '?city=' + this.value + '#jump';\" ><option value=\"\" disabled=\"disabled\" hidden=\"true\" SELECTED>CANADA<\/option><option class=\"option-separator\" value=\"\" disabled=\"disabled\"><\/option><option value=\"Toronto\">&#160;&#160;Toronto<\/option><option value=\"Sherbrooke\">&#160;&#160;Sherbrooke<\/option><option value=\"Campbell River\">&#160;&#160;Campbell River<\/option><option value=\"Sydney\">&#160;&#160;Sydney<\/option><option value=\"Ottawa\">&#160;&#160;Ottawa<\/option><option value=\"Joliette\">&#160;&#160;Joliette<\/option><option value=\"Charlottetown\">&#160;&#160;Charlottetown<\/option><option value=\"Collingwood\">&#160;&#160;Collingwood<\/option><option value=\"Comox Valley\">&#160;&#160;Comox Valley<\/option><option value=\"Montreal\">&#160;&#160;Montreal<\/option><option value=\"Demmitt\">&#160;&#160;Demmitt<\/option><option value=\"New Westminster\">&#160;&#160;New Westminster<\/option><option value=\"Edmonton\">&#160;&#160;Edmonton<\/option><option value=\"Tofina\">&#160;&#160;Tofina<\/option><option value=\"Mission\">&#160;&#160;Mission<\/option><option value=\"Fredericton\">&#160;&#160;Fredericton<\/option><option value=\"Halifax\">&#160;&#160;Halifax<\/option><option value=\"Hamilton\">&#160;&#160;Hamilton<\/option><option value=\"Hay River\">&#160;&#160;Hay River<\/option><option value=\"Hazelton\">&#160;&#160;Hazelton<\/option><option value=\"Inverness County\">&#160;&#160;Inverness County<\/option><option value=\"Waterloo\">&#160;&#160;Waterloo<\/option><option value=\"Labrador City\">&#160;&#160;Labrador City<\/option><option value=\"Lethbridge\">&#160;&#160;Lethbridge<\/option><option value=\"London\">&#160;&#160;London<\/option><option value=\"Orillia\">&#160;&#160;Orillia<\/option><option value=\"Mahone Bay\">&#160;&#160;Mahone Bay<\/option><option value=\"Medicine Hat\">&#160;&#160;Medicine Hat<\/option><option value=\"Moncton\">&#160;&#160;Moncton<\/option><option value=\"Laval\">&#160;&#160;Laval<\/option><option value=\"Nanaimo\">&#160;&#160;Nanaimo<\/option><option value=\"Saint Catharines\">&#160;&#160;Saint Catharines<\/option><option value=\"Peterborough\">&#160;&#160;Peterborough<\/option><option value=\"Peace River\">&#160;&#160;Peace River<\/option><option value=\"Prince Albert\">&#160;&#160;Prince Albert<\/option><option value=\"Iqaluit\">&#160;&#160;Iqaluit<\/option><option value=\"Kingston\">&#160;&#160;Kingston<\/option><option value=\"Regina\">&#160;&#160;Regina<\/option><option value=\"Maple Ridge\">&#160;&#160;Maple Ridge<\/option><option value=\"Rimouski\">&#160;&#160;Rimouski<\/option><option value=\"Sackville\">&#160;&#160;Sackville<\/option><option value=\"Saint John\">&#160;&#160;Saint John<\/option><option value=\"Saskatoon\">&#160;&#160;Saskatoon<\/option><option value=\"Smithers\">&#160;&#160;Smithers<\/option><option value=\"Sault Ste. Marie\">&#160;&#160;Sault Ste. Marie<\/option><option value=\"St-Hyacinthe\">&#160;&#160;St-Hyacinthe<\/option><option value=\"St. John's\">&#160;&#160;St. John's<\/option><option value=\"Tatamagouche\">&#160;&#160;Tatamagouche<\/option><option value=\"Thunder Bay\">&#160;&#160;Thunder Bay<\/option><option value=\"Vancouver\">&#160;&#160;Vancouver<\/option><option value=\"Calgary\">&#160;&#160;Calgary<\/option><option value=\"Winnipeg\">&#160;&#160;Winnipeg<\/option><option value=\"Val Marie\">&#160;&#160;Val Marie<\/option><option value=\"Kitchener\">&#160;&#160;Kitchener<\/option><option value=\"Guelph\">&#160;&#160;Guelph<\/option><option value=\"Prince Rupert\">&#160;&#160;Prince Rupert<\/option><option value=\"Montr\u00e9al\">&#160;&#160;Montr\u00e9al<\/option><option value=\"Qu\u00e9bec\">&#160;&#160;Qu\u00e9bec<\/option><option value=\"Lund\">&#160;&#160;Lund<\/option><option value=\"Powell River\">&#160;&#160;Powell River<\/option><option value=\"Lethbridge, AB\">&#160;&#160;Lethbridge, AB<\/option><option value=\"montreal\">&#160;&#160;montreal<\/option><option value=\"Dieppe\">&#160;&#160;Dieppe<\/option><option value=\"Fort Saskatchewan\">&#160;&#160;Fort Saskatchewan<\/option><\/select><select class=\"pink-select\" id=\"screening-international\" tabindex=\"1\" onchange=\"location = location.protocol + '\/\/' + location.host + location.pathname + '?city=' + this.value + '#jump';\" ><option disabled hidden=\"true\" SELECTED>INTERNATIONAL<\/option><option class=\"option-separator\" value=\"\u00c9tats-Unis\" disabled=\"disabled\">\u00c9tats-Unis<\/option><option value=\"Phoenix\">&#160;&#160;Phoenix<\/option><option value=\"Falmouth\">&#160;&#160;Falmouth<\/option><option value=\"Pittsburgh\">&#160;&#160;Pittsburgh<\/option><option value=\"Durham\">&#160;&#160;Durham<\/option><option value=\"Lauderdale\">&#160;&#160;Lauderdale<\/option><option class=\"option-separator\" value=\"Espagne\" disabled=\"disabled\">Espagne<\/option><option value=\"Barcelona\">&#160;&#160;Barcelona<\/option><option value=\"Castell\u00f3 de la Plana\">&#160;&#160;Castell\u00f3 de la Plana<\/option><option class=\"option-separator\" value=\"Allemagne\" disabled=\"disabled\">Allemagne<\/option><option value=\"Berlin\">&#160;&#160;Berlin<\/option><option class=\"option-separator\" value=\"Irlande\" disabled=\"disabled\">Irlande<\/option><option value=\"Dublin\">&#160;&#160;Dublin<\/option><option value=\"Midleton\">&#160;&#160;Midleton<\/option><option value=\"Kilmore Quay\">&#160;&#160;Kilmore Quay<\/option><option class=\"option-separator\" value=\"Su\u00e8de\" disabled=\"disabled\">Su\u00e8de<\/option><option value=\"Gothenburg\">&#160;&#160;Gothenburg<\/option><option value=\"Malm\u00f6\">&#160;&#160;Malm\u00f6<\/option><option class=\"option-separator\" value=\"Inde\" disabled=\"disabled\">Inde<\/option><option value=\"Jaipur\">&#160;&#160;Jaipur<\/option><option value=\"New Delhi\">&#160;&#160;New Delhi<\/option><option class=\"option-separator\" value=\"Kowe\u00eft\" disabled=\"disabled\">Kowe\u00eft<\/option><option value=\"Kuwait City\">&#160;&#160;Kuwait City<\/option><option class=\"option-separator\" value=\"Kenya\" disabled=\"disabled\">Kenya<\/option><option value=\"Mombasa\">&#160;&#160;Mombasa<\/option><option class=\"option-separator\" value=\"Royaume-Uni\" disabled=\"disabled\">Royaume-Uni<\/option><option value=\"Newcastle upon Tyne\">&#160;&#160;Newcastle upon Tyne<\/option><option class=\"option-separator\" value=\"Suisse\" disabled=\"disabled\">Suisse<\/option><option value=\"Lausanne\">&#160;&#160;Lausanne<\/option><option class=\"option-separator\" value=\"Bulgarie\" disabled=\"disabled\">Bulgarie<\/option><option value=\"Sofia\">&#160;&#160;Sofia<\/option><option class=\"option-separator\" value=\"Australie\" disabled=\"disabled\">Australie<\/option><option value=\"Darlington\">&#160;&#160;Darlington<\/option><option value=\"Walyalup\">&#160;&#160;Walyalup<\/option><option class=\"option-separator\" value=\"Tunisie\" disabled=\"disabled\">Tunisie<\/option><option value=\"Tunis\">&#160;&#160;Tunis<\/option><option class=\"option-separator\" value=\"Autriche\" disabled=\"disabled\">Autriche<\/option><option value=\"Vienna\">&#160;&#160;Vienna<\/option><option value=\"Wien\">&#160;&#160;Wien<\/option><option class=\"option-separator\" value=\"Pays-Bas\" disabled=\"disabled\">Pays-Bas<\/option><option value=\"Amsterdam\">&#160;&#160;Amsterdam<\/option><option class=\"option-separator\" value=\"Croatie\" disabled=\"disabled\">Croatie<\/option><option value=\"Pula\">&#160;&#160;Pula<\/option><\/select><\/div>\n\t\t\t\t\t\t<\/div>\n\t\t\t\t<\/div>\n\t\t\t\t\t<\/div>\n\t\t<\/div>\n\t\t\t\t\t<\/div>\n\t\t<\/section>\n\t\t\t\t<section class=\"elementor-section elementor-top-section elementor-element elementor-element-9ae1c46 elementor-section-full_width layout elementor-section-height-default elementor-section-height-default\" data-id=\"9ae1c46\" data-element_type=\"section\" data-e-type=\"section\">\n\t\t\t\t\t\t<div class=\"elementor-container elementor-column-gap-default\">\n\t\t\t\t\t<div class=\"elementor-column elementor-col-100 elementor-top-column elementor-element elementor-element-5762a7f\" data-id=\"5762a7f\" data-element_type=\"column\" data-e-type=\"column\">\n\t\t\t<div class=\"elementor-widget-wrap elementor-element-populated\">\n\t\t\t\t\t\t<div class=\"elementor-element elementor-element-7561b77 elementor-widget elementor-widget-shortcode\" data-id=\"7561b77\" data-element_type=\"widget\" data-e-type=\"widget\" id=\"current-search-wrapper\" data-widget_type=\"shortcode.default\">\n\t\t\t\t<div class=\"elementor-widget-container\">\n\t\t\t\t\t\t\t<div class=\"elementor-shortcode\"><\/div>\n\t\t\t\t\t\t<\/div>\n\t\t\t\t<\/div>\n\t\t\t\t<div class=\"elementor-element elementor-element-2c7fcfc elementor-grid-1 three-column elementor-posts--thumbnail-top elementor-grid-tablet-2 elementor-grid-mobile-1 elementor-widget elementor-widget-posts\" data-id=\"2c7fcfc\" data-element_type=\"widget\" data-e-type=\"widget\" id=\"search-results\" data-settings=\"{&quot;custom_columns&quot;:&quot;1&quot;,&quot;custom_row_gap&quot;:{&quot;unit&quot;:&quot;px&quot;,&quot;size&quot;:0,&quot;sizes&quot;:[]},&quot;custom_columns_tablet&quot;:&quot;2&quot;,&quot;custom_columns_mobile&quot;:&quot;1&quot;,&quot;custom_row_gap_tablet&quot;:{&quot;unit&quot;:&quot;px&quot;,&quot;size&quot;:&quot;&quot;,&quot;sizes&quot;:[]},&quot;custom_row_gap_mobile&quot;:{&quot;unit&quot;:&quot;px&quot;,&quot;size&quot;:&quot;&quot;,&quot;sizes&quot;:[]}}\" data-widget_type=\"posts.custom\">\n\t\t\t\t<div class=\"elementor-widget-container\">\n\t\t\t\t\t      <div class=\"ecs-posts elementor-posts-container elementor-posts   elementor-grid elementor-posts--skin-custom\" data-settings=\"{&quot;current_page&quot;:1,&quot;max_num_pages&quot;:0,&quot;load_method&quot;:&quot;numbers_and_prev_next&quot;,&quot;widget_id&quot;:&quot;2c7fcfc&quot;,&quot;post_id&quot;:25456,&quot;theme_id&quot;:25456,&quot;change_url&quot;:false,&quot;reinit_js&quot;:false}\">\n      <div class=\"elementor-posts-nothing-found\"><\/div>\t\t<\/div>\n\t\t\t\t\t\t<\/div>\n\t\t\t\t<\/div>\n\t\t\t\t\t<\/div>\n\t\t<\/div>\n\t\t\t\t\t<\/div>\n\t\t<\/section>\n\t\t\t\t<\/div>\n\t\t","protected":false},"excerpt":{"rendered":"<p>Le R\u00e9seau Cinema Politica Le R\u00e9seau Cinema Politica est constitu\u00e9 d&rsquo;un r\u00e9seau de salles de cin\u00e9ma locales, de s\u00e9ries sur les campus et de festivals au Canada et dans le monde entier. Les membres de Cinema Politica, connus sous le nom de CP Locals, organisent des projections r\u00e9guli\u00e8res avec un acc\u00e8s exclusif au catalogue du [&hellip;]<\/p>\n","protected":false},"author":1,"featured_media":0,"parent":0,"menu_order":0,"comment_status":"closed","ping_status":"closed","template":"","meta":{"_acf_changed":false,"_oasis_is_in_workflow":0,"_oasis_original":0,"ep_exclude_from_search":false,"footnotes":""},"class_list":["post-25456","page","type-page","status-publish","hentry"],"acf":[],"yoast_head":"<!-- This site is optimized with the Yoast SEO plugin v27.1.1 - https:\/\/yoast.com\/product\/yoast-seo-wordpress\/ -->\n<title>Le R\u00e9seau Cinema Politica - Cinema Politica<\/title>\n<meta name=\"robots\" content=\"index, follow, max-snippet:-1, max-image-preview:large, max-video-preview:-1\" \/>\n<link rel=\"canonical\" href=\"https:\/\/www.cinemapolitica.org\/fr\/le-reseau-cinema-politica\/\" \/>\n<meta property=\"og:locale\" content=\"fr_CA\" \/>\n<meta property=\"og:type\" content=\"article\" \/>\n<meta property=\"og:title\" content=\"Le R\u00e9seau Cinema Politica - Cinema Politica\" \/>\n<meta property=\"og:description\" content=\"Le R\u00e9seau Cinema Politica Le R\u00e9seau Cinema Politica est constitu\u00e9 d&rsquo;un r\u00e9seau de salles de cin\u00e9ma locales, de s\u00e9ries sur les campus et de festivals au Canada et dans le monde entier. Les membres de Cinema Politica, connus sous le nom de CP Locals, organisent des projections r\u00e9guli\u00e8res avec un acc\u00e8s exclusif au catalogue du [&hellip;]\" \/>\n<meta property=\"og:url\" content=\"https:\/\/www.cinemapolitica.org\/fr\/le-reseau-cinema-politica\/\" \/>\n<meta property=\"og:site_name\" content=\"Cinema Politica\" \/>\n<meta property=\"article:publisher\" content=\"https:\/\/www.facebook.com\/cinemapolitica\" \/>\n<meta property=\"article:modified_time\" content=\"2023-04-25T15:06:42+00:00\" \/>\n<meta name=\"twitter:card\" content=\"summary_large_image\" \/>\n<meta name=\"twitter:site\" content=\"@CinemaPolitica\" \/>\n<script type=\"application\/ld+json\" class=\"yoast-schema-graph\">{\"@context\":\"https:\/\/schema.org\",\"@graph\":[{\"@type\":\"WebPage\",\"@id\":\"https:\/\/www.cinemapolitica.org\/fr\/le-reseau-cinema-politica\/\",\"url\":\"https:\/\/www.cinemapolitica.org\/fr\/le-reseau-cinema-politica\/\",\"name\":\"Le R\u00e9seau Cinema Politica - Cinema Politica\",\"isPartOf\":{\"@id\":\"https:\/\/www.cinemapolitica.org\/fr\/#website\"},\"datePublished\":\"2021-07-19T13:09:06+00:00\",\"dateModified\":\"2023-04-25T15:06:42+00:00\",\"breadcrumb\":{\"@id\":\"https:\/\/www.cinemapolitica.org\/fr\/le-reseau-cinema-politica\/#breadcrumb\"},\"inLanguage\":\"fr-CA\",\"potentialAction\":[{\"@type\":\"ReadAction\",\"target\":[\"https:\/\/www.cinemapolitica.org\/fr\/le-reseau-cinema-politica\/\"]}]},{\"@type\":\"BreadcrumbList\",\"@id\":\"https:\/\/www.cinemapolitica.org\/fr\/le-reseau-cinema-politica\/#breadcrumb\",\"itemListElement\":[{\"@type\":\"ListItem\",\"position\":1,\"name\":\"Home\",\"item\":\"https:\/\/www.cinemapolitica.org\/fr\/\"},{\"@type\":\"ListItem\",\"position\":2,\"name\":\"Le R\u00e9seau Cinema Politica\"}]},{\"@type\":\"WebSite\",\"@id\":\"https:\/\/www.cinemapolitica.org\/fr\/#website\",\"url\":\"https:\/\/www.cinemapolitica.org\/fr\/\",\"name\":\"Cinema Politica\",\"description\":\"Screening Truth to Power\",\"publisher\":{\"@id\":\"https:\/\/www.cinemapolitica.org\/fr\/#organization\"},\"potentialAction\":[{\"@type\":\"SearchAction\",\"target\":{\"@type\":\"EntryPoint\",\"urlTemplate\":\"https:\/\/www.cinemapolitica.org\/fr\/?s={search_term_string}\"},\"query-input\":{\"@type\":\"PropertyValueSpecification\",\"valueRequired\":true,\"valueName\":\"search_term_string\"}}],\"inLanguage\":\"fr-CA\"},{\"@type\":\"Organization\",\"@id\":\"https:\/\/www.cinemapolitica.org\/fr\/#organization\",\"name\":\"Cinema Politica\",\"url\":\"https:\/\/www.cinemapolitica.org\/fr\/\",\"logo\":{\"@type\":\"ImageObject\",\"inLanguage\":\"fr-CA\",\"@id\":\"https:\/\/www.cinemapolitica.org\/fr\/#\/schema\/logo\/image\/\",\"url\":\"https:\/\/www.cinemapolitica.org\/wp-content\/uploads\/2021\/05\/cp_web_image.jpeg\",\"contentUrl\":\"https:\/\/www.cinemapolitica.org\/wp-content\/uploads\/2021\/05\/cp_web_image.jpeg\",\"width\":639,\"height\":385,\"caption\":\"Cinema Politica\"},\"image\":{\"@id\":\"https:\/\/www.cinemapolitica.org\/fr\/#\/schema\/logo\/image\/\"},\"sameAs\":[\"https:\/\/www.facebook.com\/cinemapolitica\",\"https:\/\/x.com\/CinemaPolitica\",\"https:\/\/www.instagram.com\/cinema.politica\/\",\"https:\/\/www.youtube.com\/user\/CinemaPolitica\"]}]}<\/script>\n<!-- \/ Yoast SEO plugin. -->","yoast_head_json":{"title":"Le R\u00e9seau Cinema Politica - Cinema Politica","robots":{"index":"index","follow":"follow","max-snippet":"max-snippet:-1","max-image-preview":"max-image-preview:large","max-video-preview":"max-video-preview:-1"},"canonical":"https:\/\/www.cinemapolitica.org\/fr\/le-reseau-cinema-politica\/","og_locale":"fr_CA","og_type":"article","og_title":"Le R\u00e9seau Cinema Politica - Cinema Politica","og_description":"Le R\u00e9seau Cinema Politica Le R\u00e9seau Cinema Politica est constitu\u00e9 d&rsquo;un r\u00e9seau de salles de cin\u00e9ma locales, de s\u00e9ries sur les campus et de festivals au Canada et dans le monde entier. Les membres de Cinema Politica, connus sous le nom de CP Locals, organisent des projections r\u00e9guli\u00e8res avec un acc\u00e8s exclusif au catalogue du [&hellip;]","og_url":"https:\/\/www.cinemapolitica.org\/fr\/le-reseau-cinema-politica\/","og_site_name":"Cinema Politica","article_publisher":"https:\/\/www.facebook.com\/cinemapolitica","article_modified_time":"2023-04-25T15:06:42+00:00","twitter_card":"summary_large_image","twitter_site":"@CinemaPolitica","schema":{"@context":"https:\/\/schema.org","@graph":[{"@type":"WebPage","@id":"https:\/\/www.cinemapolitica.org\/fr\/le-reseau-cinema-politica\/","url":"https:\/\/www.cinemapolitica.org\/fr\/le-reseau-cinema-politica\/","name":"Le R\u00e9seau Cinema Politica - Cinema Politica","isPartOf":{"@id":"https:\/\/www.cinemapolitica.org\/fr\/#website"},"datePublished":"2021-07-19T13:09:06+00:00","dateModified":"2023-04-25T15:06:42+00:00","breadcrumb":{"@id":"https:\/\/www.cinemapolitica.org\/fr\/le-reseau-cinema-politica\/#breadcrumb"},"inLanguage":"fr-CA","potentialAction":[{"@type":"ReadAction","target":["https:\/\/www.cinemapolitica.org\/fr\/le-reseau-cinema-politica\/"]}]},{"@type":"BreadcrumbList","@id":"https:\/\/www.cinemapolitica.org\/fr\/le-reseau-cinema-politica\/#breadcrumb","itemListElement":[{"@type":"ListItem","position":1,"name":"Home","item":"https:\/\/www.cinemapolitica.org\/fr\/"},{"@type":"ListItem","position":2,"name":"Le R\u00e9seau Cinema Politica"}]},{"@type":"WebSite","@id":"https:\/\/www.cinemapolitica.org\/fr\/#website","url":"https:\/\/www.cinemapolitica.org\/fr\/","name":"Cinema Politica","description":"Screening Truth to Power","publisher":{"@id":"https:\/\/www.cinemapolitica.org\/fr\/#organization"},"potentialAction":[{"@type":"SearchAction","target":{"@type":"EntryPoint","urlTemplate":"https:\/\/www.cinemapolitica.org\/fr\/?s={search_term_string}"},"query-input":{"@type":"PropertyValueSpecification","valueRequired":true,"valueName":"search_term_string"}}],"inLanguage":"fr-CA"},{"@type":"Organization","@id":"https:\/\/www.cinemapolitica.org\/fr\/#organization","name":"Cinema Politica","url":"https:\/\/www.cinemapolitica.org\/fr\/","logo":{"@type":"ImageObject","inLanguage":"fr-CA","@id":"https:\/\/www.cinemapolitica.org\/fr\/#\/schema\/logo\/image\/","url":"https:\/\/www.cinemapolitica.org\/wp-content\/uploads\/2021\/05\/cp_web_image.jpeg","contentUrl":"https:\/\/www.cinemapolitica.org\/wp-content\/uploads\/2021\/05\/cp_web_image.jpeg","width":639,"height":385,"caption":"Cinema Politica"},"image":{"@id":"https:\/\/www.cinemapolitica.org\/fr\/#\/schema\/logo\/image\/"},"sameAs":["https:\/\/www.facebook.com\/cinemapolitica","https:\/\/x.com\/CinemaPolitica","https:\/\/www.instagram.com\/cinema.politica\/","https:\/\/www.youtube.com\/user\/CinemaPolitica"]}]}},"_links":{"self":[{"href":"https:\/\/www.cinemapolitica.org\/fr\/wp-json\/wp\/v2\/pages\/25456","targetHints":{"allow":["GET"]}}],"collection":[{"href":"https:\/\/www.cinemapolitica.org\/fr\/wp-json\/wp\/v2\/pages"}],"about":[{"href":"https:\/\/www.cinemapolitica.org\/fr\/wp-json\/wp\/v2\/types\/page"}],"author":[{"embeddable":true,"href":"https:\/\/www.cinemapolitica.org\/fr\/wp-json\/wp\/v2\/users\/1"}],"replies":[{"embeddable":true,"href":"https:\/\/www.cinemapolitica.org\/fr\/wp-json\/wp\/v2\/comments?post=25456"}],"version-history":[{"count":1,"href":"https:\/\/www.cinemapolitica.org\/fr\/wp-json\/wp\/v2\/pages\/25456\/revisions"}],"predecessor-version":[{"id":40053,"href":"https:\/\/www.cinemapolitica.org\/fr\/wp-json\/wp\/v2\/pages\/25456\/revisions\/40053"}],"wp:attachment":[{"href":"https:\/\/www.cinemapolitica.org\/fr\/wp-json\/wp\/v2\/media?parent=25456"}],"curies":[{"name":"wp","href":"https:\/\/api.w.org\/{rel}","templated":true}]}}