{"id":27103,"date":"2021-09-13T12:09:05","date_gmt":"2021-09-13T16:09:05","guid":{"rendered":"https:\/\/dev.cinemapolitica.org\/?page_id=27103"},"modified":"2021-09-13T12:09:06","modified_gmt":"2021-09-13T16:09:06","slug":"merci-pour-votre-achat","status":"publish","type":"page","link":"https:\/\/www.cinemapolitica.org\/fr\/merci-pour-votre-achat\/","title":{"rendered":"Merci pour votre achat !"},"content":{"rendered":"\t\t<div data-elementor-type=\"wp-page\" data-elementor-id=\"27103\" class=\"elementor elementor-27103 elementor-27102\" data-elementor-post-type=\"page\">\n\t\t\t\t\t\t<section class=\"elementor-section elementor-top-section elementor-element elementor-element-35ac15a8 elementor-section-full_width elementor-section-height-default elementor-section-height-default\" data-id=\"35ac15a8\" data-element_type=\"section\" data-e-type=\"section\">\n\t\t\t\t\t\t<div class=\"elementor-container elementor-column-gap-no\">\n\t\t\t\t\t<div class=\"elementor-column elementor-col-100 elementor-top-column elementor-element elementor-element-34dc7e7f compact-order left-position right-position\" data-id=\"34dc7e7f\" data-element_type=\"column\" data-e-type=\"column\">\n\t\t\t<div class=\"elementor-widget-wrap elementor-element-populated\">\n\t\t\t\t\t\t<div class=\"elementor-element elementor-element-93b942a elementor-widget elementor-widget-heading\" data-id=\"93b942a\" data-element_type=\"widget\" data-e-type=\"widget\" data-widget_type=\"heading.default\">\n\t\t\t\t<div class=\"elementor-widget-container\">\n\t\t\t\t\t<h1 class=\"elementor-heading-title elementor-size-default\">Merci pour votre achat !<\/h1>\t\t\t\t<\/div>\n\t\t\t\t<\/div>\n\t\t\t\t<div class=\"elementor-element elementor-element-e505cf6 elementor-widget elementor-widget-heading\" data-id=\"e505cf6\" data-element_type=\"widget\" data-e-type=\"widget\" data-widget_type=\"heading.default\">\n\t\t\t\t<div class=\"elementor-widget-container\">\n\t\t\t\t\t<p class=\"elementor-heading-title elementor-size-default\">Nos efforts de distribution sont profond\u00e9ment port\u00e9s sur l'impact, l'activation et le changement social \u00e0 \u00e9chelle locale et globale, et en tant que tel, nous repr\u00e9sentons et diffusons des titres politiques remarquables sur une large et diverse gamme de plateformes et de lieux , qui ont le potentiel de lever les gens de leurs si\u00e8ges, et les transporteurs dans les rues.<\/p>\t\t\t\t<\/div>\n\t\t\t\t<\/div>\n\t\t\t\t\t<\/div>\n\t\t<\/div>\n\t\t\t\t\t<\/div>\n\t\t<\/section>\n\t\t\t\t<section class=\"elementor-section elementor-top-section elementor-element elementor-element-2588e0fe elementor-section-full_width border-top elementor-section-height-default elementor-section-height-default\" data-id=\"2588e0fe\" data-element_type=\"section\" data-e-type=\"section\">\n\t\t\t\t\t\t<div class=\"elementor-container elementor-column-gap-no\">\n\t\t\t\t\t<div class=\"elementor-column elementor-col-100 elementor-top-column elementor-element elementor-element-5d04a21f compact-order left-position right-position\" data-id=\"5d04a21f\" data-element_type=\"column\" data-e-type=\"column\">\n\t\t\t<div class=\"elementor-widget-wrap elementor-element-populated\">\n\t\t\t\t\t\t<div class=\"elementor-element elementor-element-6ab1e5fd elementor-widget elementor-widget-image\" data-id=\"6ab1e5fd\" data-element_type=\"widget\" data-e-type=\"widget\" data-widget_type=\"image.default\">\n\t\t\t\t<div class=\"elementor-widget-container\">\n\t\t\t\t\t\t\t\t\t\t\t\t\t\t\t<img fetchpriority=\"high\" decoding=\"async\" width=\"681\" height=\"123\" src=\"https:\/\/www.cinemapolitica.org\/wp-content\/uploads\/2020\/11\/CP_scrawl_Green.png\" class=\"attachment-large size-large wp-image-15529\" alt=\"Cinema Politica\" \/>\t\t\t\t\t\t\t\t\t\t\t\t\t\t\t<\/div>\n\t\t\t\t<\/div>\n\t\t\t\t<div class=\"elementor-element elementor-element-49ffd5c8 elementor-position-inline-start left-position right-position width-auto elementor-view-default elementor-mobile-position-block-start elementor-widget elementor-widget-icon-box\" data-id=\"49ffd5c8\" data-element_type=\"widget\" data-e-type=\"widget\" id=\"front-ondemand\" data-widget_type=\"icon-box.default\">\n\t\t\t\t<div class=\"elementor-widget-container\">\n\t\t\t\t\t\t\t<div class=\"elementor-icon-box-wrapper\">\n\n\t\t\t\t\t\t<div class=\"elementor-icon-box-icon\">\n\t\t\t\t<span  class=\"elementor-icon\">\n\t\t\t\t<svg xmlns:xlink=\"http:\/\/www.w3.org\/1999\/xlink\" xmlns=\"http:\/\/www.w3.org\/2000\/svg\" width=\"16px\" height=\"16px\" viewbox=\"0 0 16 16\"><path d=\"M6.307 10.591L6.307 4.682L11.405 7.638L6.307 10.591ZM8 0C3.581 0 0 3.581 0 8C0 12.42 3.581 16 8 16C12.417 16 16 12.42 16 8C16 3.581 12.417 0 8 0L8 0Z\" id=\"Fill-5\" fill=\"#85FF00\" fill-rule=\"evenodd\" stroke=\"none\"><\/path><\/svg>\t\t\t\t<\/span>\n\t\t\t<\/div>\n\t\t\t\n\t\t\t\t\t\t<div class=\"elementor-icon-box-content\">\n\n\t\t\t\t\t\t\t\t\t<div class=\"elementor-icon-box-title\">\n\t\t\t\t\t\t<span  >\n\t\t\t\t\t\t\tSur Demande\t\t\t\t\t\t<\/span>\n\t\t\t\t\t<\/div>\n\t\t\t\t\n\t\t\t\t\n\t\t\t<\/div>\n\t\t\t\n\t\t<\/div>\n\t\t\t\t\t\t<\/div>\n\t\t\t\t<\/div>\n\t\t\t\t<div class=\"elementor-element elementor-element-1bb025b1 elementor-widget elementor-widget-text-editor\" data-id=\"1bb025b1\" data-element_type=\"widget\" data-e-type=\"widget\" data-widget_type=\"text-editor.default\">\n\t\t\t\t<div class=\"elementor-widget-container\">\n\t\t\t\t\t\t\t\t\t<p>Louez ou achetez des titres individuels disponibles via CP On Demand, ou obtenez un mois gratuit de streaming de tous les films politiques que vous souhaitez lorsque vous vous abonnez :<\/p>\n\t\t\t\t\t\t\t\t<\/div>\n\t\t\t\t<\/div>\n\t\t\t\t<div class=\"elementor-element elementor-element-313fed41 elementor-align-center green-hover elementor-widget elementor-widget-button\" data-id=\"313fed41\" data-element_type=\"widget\" data-e-type=\"widget\" data-widget_type=\"button.default\">\n\t\t\t\t<div class=\"elementor-widget-container\">\n\t\t\t\t\t\t\t\t\t<div class=\"elementor-button-wrapper\">\n\t\t\t\t\t<a class=\"elementor-button elementor-button-link elementor-size-sm\" href=\"#\">\n\t\t\t\t\t\t<span class=\"elementor-button-content-wrapper\">\n\t\t\t\t\t\t\t\t\t<span class=\"elementor-button-text\">Commencer \u00e0 le voir<\/span>\n\t\t\t\t\t<\/span>\n\t\t\t\t\t<\/a>\n\t\t\t\t<\/div>\n\t\t\t\t\t\t\t\t<\/div>\n\t\t\t\t<\/div>\n\t\t\t\t\t<\/div>\n\t\t<\/div>\n\t\t\t\t\t<\/div>\n\t\t<\/section>\n\t\t\t\t<\/div>\n\t\t","protected":false},"excerpt":{"rendered":"<p>Merci pour votre achat ! Nos efforts de distribution sont profond\u00e9ment port\u00e9s sur l&rsquo;impact, l&rsquo;activation et le changement social \u00e0 \u00e9chelle locale et globale, et en tant que tel, nous repr\u00e9sentons et diffusons des titres politiques remarquables sur une large et diverse gamme de plateformes et de lieux , qui ont le potentiel de lever [&hellip;]<\/p>\n","protected":false},"author":1,"featured_media":0,"parent":0,"menu_order":0,"comment_status":"closed","ping_status":"closed","template":"","meta":{"_acf_changed":false,"_oasis_is_in_workflow":0,"_oasis_original":0,"ep_exclude_from_search":false,"footnotes":""},"class_list":["post-27103","page","type-page","status-publish","hentry"],"acf":[],"yoast_head":"<!-- This site is optimized with the Yoast SEO plugin v27.1.1 - https:\/\/yoast.com\/product\/yoast-seo-wordpress\/ -->\n<title>Merci pour votre achat ! - Cinema Politica<\/title>\n<meta name=\"robots\" content=\"noindex, follow\" \/>\n<meta property=\"og:locale\" content=\"fr_CA\" \/>\n<meta property=\"og:type\" content=\"article\" \/>\n<meta property=\"og:title\" content=\"Merci pour votre achat ! - Cinema Politica\" \/>\n<meta property=\"og:description\" content=\"Merci pour votre achat ! Nos efforts de distribution sont profond\u00e9ment port\u00e9s sur l&rsquo;impact, l&rsquo;activation et le changement social \u00e0 \u00e9chelle locale et globale, et en tant que tel, nous repr\u00e9sentons et diffusons des titres politiques remarquables sur une large et diverse gamme de plateformes et de lieux , qui ont le potentiel de lever [&hellip;]\" \/>\n<meta property=\"og:url\" content=\"https:\/\/www.cinemapolitica.org\/fr\/merci-pour-votre-achat\/\" \/>\n<meta property=\"og:site_name\" content=\"Cinema Politica\" \/>\n<meta property=\"article:publisher\" content=\"https:\/\/www.facebook.com\/cinemapolitica\" \/>\n<meta property=\"article:modified_time\" content=\"2021-09-13T16:09:06+00:00\" \/>\n<meta property=\"og:image\" content=\"https:\/\/dev.cinemapolitica.org\/wp-content\/uploads\/2020\/11\/CP_scrawl_Green.png\" \/>\n<meta name=\"twitter:card\" content=\"summary_large_image\" \/>\n<meta name=\"twitter:site\" content=\"@CinemaPolitica\" \/>\n<meta name=\"twitter:label1\" content=\"Estimation du temps de lecture\" \/>\n\t<meta name=\"twitter:data1\" content=\"1 minute\" \/>\n<script type=\"application\/ld+json\" class=\"yoast-schema-graph\">{\"@context\":\"https:\/\/schema.org\",\"@graph\":[{\"@type\":\"WebPage\",\"@id\":\"https:\/\/www.cinemapolitica.org\/fr\/merci-pour-votre-achat\/\",\"url\":\"https:\/\/www.cinemapolitica.org\/fr\/merci-pour-votre-achat\/\",\"name\":\"Merci pour votre achat ! - Cinema Politica\",\"isPartOf\":{\"@id\":\"https:\/\/www.cinemapolitica.org\/fr\/#website\"},\"primaryImageOfPage\":{\"@id\":\"https:\/\/www.cinemapolitica.org\/fr\/merci-pour-votre-achat\/#primaryimage\"},\"image\":{\"@id\":\"https:\/\/www.cinemapolitica.org\/fr\/merci-pour-votre-achat\/#primaryimage\"},\"thumbnailUrl\":\"https:\/\/dev.cinemapolitica.org\/wp-content\/uploads\/2020\/11\/CP_scrawl_Green.png\",\"datePublished\":\"2021-09-13T16:09:05+00:00\",\"dateModified\":\"2021-09-13T16:09:06+00:00\",\"breadcrumb\":{\"@id\":\"https:\/\/www.cinemapolitica.org\/fr\/merci-pour-votre-achat\/#breadcrumb\"},\"inLanguage\":\"fr-CA\",\"potentialAction\":[{\"@type\":\"ReadAction\",\"target\":[\"https:\/\/www.cinemapolitica.org\/fr\/merci-pour-votre-achat\/\"]}]},{\"@type\":\"ImageObject\",\"inLanguage\":\"fr-CA\",\"@id\":\"https:\/\/www.cinemapolitica.org\/fr\/merci-pour-votre-achat\/#primaryimage\",\"url\":\"https:\/\/dev.cinemapolitica.org\/wp-content\/uploads\/2020\/11\/CP_scrawl_Green.png\",\"contentUrl\":\"https:\/\/dev.cinemapolitica.org\/wp-content\/uploads\/2020\/11\/CP_scrawl_Green.png\"},{\"@type\":\"BreadcrumbList\",\"@id\":\"https:\/\/www.cinemapolitica.org\/fr\/merci-pour-votre-achat\/#breadcrumb\",\"itemListElement\":[{\"@type\":\"ListItem\",\"position\":1,\"name\":\"Home\",\"item\":\"https:\/\/www.cinemapolitica.org\/fr\/\"},{\"@type\":\"ListItem\",\"position\":2,\"name\":\"Merci pour votre achat !\"}]},{\"@type\":\"WebSite\",\"@id\":\"https:\/\/www.cinemapolitica.org\/fr\/#website\",\"url\":\"https:\/\/www.cinemapolitica.org\/fr\/\",\"name\":\"Cinema Politica\",\"description\":\"Screening Truth to Power\",\"publisher\":{\"@id\":\"https:\/\/www.cinemapolitica.org\/fr\/#organization\"},\"potentialAction\":[{\"@type\":\"SearchAction\",\"target\":{\"@type\":\"EntryPoint\",\"urlTemplate\":\"https:\/\/www.cinemapolitica.org\/fr\/?s={search_term_string}\"},\"query-input\":{\"@type\":\"PropertyValueSpecification\",\"valueRequired\":true,\"valueName\":\"search_term_string\"}}],\"inLanguage\":\"fr-CA\"},{\"@type\":\"Organization\",\"@id\":\"https:\/\/www.cinemapolitica.org\/fr\/#organization\",\"name\":\"Cinema Politica\",\"url\":\"https:\/\/www.cinemapolitica.org\/fr\/\",\"logo\":{\"@type\":\"ImageObject\",\"inLanguage\":\"fr-CA\",\"@id\":\"https:\/\/www.cinemapolitica.org\/fr\/#\/schema\/logo\/image\/\",\"url\":\"https:\/\/www.cinemapolitica.org\/wp-content\/uploads\/2021\/05\/cp_web_image.jpeg\",\"contentUrl\":\"https:\/\/www.cinemapolitica.org\/wp-content\/uploads\/2021\/05\/cp_web_image.jpeg\",\"width\":639,\"height\":385,\"caption\":\"Cinema Politica\"},\"image\":{\"@id\":\"https:\/\/www.cinemapolitica.org\/fr\/#\/schema\/logo\/image\/\"},\"sameAs\":[\"https:\/\/www.facebook.com\/cinemapolitica\",\"https:\/\/x.com\/CinemaPolitica\",\"https:\/\/www.instagram.com\/cinema.politica\/\",\"https:\/\/www.youtube.com\/user\/CinemaPolitica\"]}]}<\/script>\n<!-- \/ Yoast SEO plugin. -->","yoast_head_json":{"title":"Merci pour votre achat ! - Cinema Politica","robots":{"index":"noindex","follow":"follow"},"og_locale":"fr_CA","og_type":"article","og_title":"Merci pour votre achat ! - Cinema Politica","og_description":"Merci pour votre achat ! Nos efforts de distribution sont profond\u00e9ment port\u00e9s sur l&rsquo;impact, l&rsquo;activation et le changement social \u00e0 \u00e9chelle locale et globale, et en tant que tel, nous repr\u00e9sentons et diffusons des titres politiques remarquables sur une large et diverse gamme de plateformes et de lieux , qui ont le potentiel de lever [&hellip;]","og_url":"https:\/\/www.cinemapolitica.org\/fr\/merci-pour-votre-achat\/","og_site_name":"Cinema Politica","article_publisher":"https:\/\/www.facebook.com\/cinemapolitica","article_modified_time":"2021-09-13T16:09:06+00:00","og_image":[{"url":"https:\/\/dev.cinemapolitica.org\/wp-content\/uploads\/2020\/11\/CP_scrawl_Green.png","type":"","width":"","height":""}],"twitter_card":"summary_large_image","twitter_site":"@CinemaPolitica","twitter_misc":{"Estimation du temps de lecture":"1 minute"},"schema":{"@context":"https:\/\/schema.org","@graph":[{"@type":"WebPage","@id":"https:\/\/www.cinemapolitica.org\/fr\/merci-pour-votre-achat\/","url":"https:\/\/www.cinemapolitica.org\/fr\/merci-pour-votre-achat\/","name":"Merci pour votre achat ! - Cinema Politica","isPartOf":{"@id":"https:\/\/www.cinemapolitica.org\/fr\/#website"},"primaryImageOfPage":{"@id":"https:\/\/www.cinemapolitica.org\/fr\/merci-pour-votre-achat\/#primaryimage"},"image":{"@id":"https:\/\/www.cinemapolitica.org\/fr\/merci-pour-votre-achat\/#primaryimage"},"thumbnailUrl":"https:\/\/dev.cinemapolitica.org\/wp-content\/uploads\/2020\/11\/CP_scrawl_Green.png","datePublished":"2021-09-13T16:09:05+00:00","dateModified":"2021-09-13T16:09:06+00:00","breadcrumb":{"@id":"https:\/\/www.cinemapolitica.org\/fr\/merci-pour-votre-achat\/#breadcrumb"},"inLanguage":"fr-CA","potentialAction":[{"@type":"ReadAction","target":["https:\/\/www.cinemapolitica.org\/fr\/merci-pour-votre-achat\/"]}]},{"@type":"ImageObject","inLanguage":"fr-CA","@id":"https:\/\/www.cinemapolitica.org\/fr\/merci-pour-votre-achat\/#primaryimage","url":"https:\/\/dev.cinemapolitica.org\/wp-content\/uploads\/2020\/11\/CP_scrawl_Green.png","contentUrl":"https:\/\/dev.cinemapolitica.org\/wp-content\/uploads\/2020\/11\/CP_scrawl_Green.png"},{"@type":"BreadcrumbList","@id":"https:\/\/www.cinemapolitica.org\/fr\/merci-pour-votre-achat\/#breadcrumb","itemListElement":[{"@type":"ListItem","position":1,"name":"Home","item":"https:\/\/www.cinemapolitica.org\/fr\/"},{"@type":"ListItem","position":2,"name":"Merci pour votre achat !"}]},{"@type":"WebSite","@id":"https:\/\/www.cinemapolitica.org\/fr\/#website","url":"https:\/\/www.cinemapolitica.org\/fr\/","name":"Cinema Politica","description":"Screening Truth to Power","publisher":{"@id":"https:\/\/www.cinemapolitica.org\/fr\/#organization"},"potentialAction":[{"@type":"SearchAction","target":{"@type":"EntryPoint","urlTemplate":"https:\/\/www.cinemapolitica.org\/fr\/?s={search_term_string}"},"query-input":{"@type":"PropertyValueSpecification","valueRequired":true,"valueName":"search_term_string"}}],"inLanguage":"fr-CA"},{"@type":"Organization","@id":"https:\/\/www.cinemapolitica.org\/fr\/#organization","name":"Cinema Politica","url":"https:\/\/www.cinemapolitica.org\/fr\/","logo":{"@type":"ImageObject","inLanguage":"fr-CA","@id":"https:\/\/www.cinemapolitica.org\/fr\/#\/schema\/logo\/image\/","url":"https:\/\/www.cinemapolitica.org\/wp-content\/uploads\/2021\/05\/cp_web_image.jpeg","contentUrl":"https:\/\/www.cinemapolitica.org\/wp-content\/uploads\/2021\/05\/cp_web_image.jpeg","width":639,"height":385,"caption":"Cinema Politica"},"image":{"@id":"https:\/\/www.cinemapolitica.org\/fr\/#\/schema\/logo\/image\/"},"sameAs":["https:\/\/www.facebook.com\/cinemapolitica","https:\/\/x.com\/CinemaPolitica","https:\/\/www.instagram.com\/cinema.politica\/","https:\/\/www.youtube.com\/user\/CinemaPolitica"]}]}},"_links":{"self":[{"href":"https:\/\/www.cinemapolitica.org\/fr\/wp-json\/wp\/v2\/pages\/27103","targetHints":{"allow":["GET"]}}],"collection":[{"href":"https:\/\/www.cinemapolitica.org\/fr\/wp-json\/wp\/v2\/pages"}],"about":[{"href":"https:\/\/www.cinemapolitica.org\/fr\/wp-json\/wp\/v2\/types\/page"}],"author":[{"embeddable":true,"href":"https:\/\/www.cinemapolitica.org\/fr\/wp-json\/wp\/v2\/users\/1"}],"replies":[{"embeddable":true,"href":"https:\/\/www.cinemapolitica.org\/fr\/wp-json\/wp\/v2\/comments?post=27103"}],"version-history":[{"count":0,"href":"https:\/\/www.cinemapolitica.org\/fr\/wp-json\/wp\/v2\/pages\/27103\/revisions"}],"wp:attachment":[{"href":"https:\/\/www.cinemapolitica.org\/fr\/wp-json\/wp\/v2\/media?parent=27103"}],"curies":[{"name":"wp","href":"https:\/\/api.w.org\/{rel}","templated":true}]}}